{"id":2,"date":"2024-06-05T15:08:37","date_gmt":"2024-06-05T13:08:37","guid":{"rendered":"http:\/\/vagabonderie.fr\/?page_id=2"},"modified":"2025-02-17T12:25:22","modified_gmt":"2025-02-17T11:25:22","slug":"page-d-exemple","status":"publish","type":"page","link":"https:\/\/vagabonderie.fr\/?page_id=2","title":{"rendered":"Bonjour !"},"content":{"rendered":"\n<p>Vous souhaitez prendre du recul sur votre chemin de vie, sortir la t\u00eate du quotidien et prendre un grand bol d&rsquo;air ? Je vous emm\u00e8ne marcher sur les hauteurs.<\/p>\n\n\n\n<p>Pour mieux profiter du d\u00e9paysement, je vous propose de partir \u00e0 l&rsquo;aventure avec votre tente et un r\u00e9chaud, en s&rsquo;all\u00e9geant au maximum. On dit qu&rsquo;on porte le poids de sa peur, vous allez faire le choix de vous all\u00e9ger !<\/p>\n\n\n\n<p>\u2026ou quelque chose comme cela&nbsp;:<\/p>\n","protected":false},"excerpt":{"rendered":"<p>Vous souhaitez prendre du recul sur votre chemin de vie, sortir la t\u00eate du quotidien et prendre un grand bol d&rsquo;air ? Je vous emm\u00e8ne marcher sur les hauteurs. Pour mieux profiter du d\u00e9paysement, je vous propose de partir \u00e0 l&rsquo;aventure avec votre tente et un r\u00e9chaud, en s&rsquo;all\u00e9geant au maximum. On dit qu&rsquo;on porte [&hellip;]<\/p>\n","protected":false},"author":1,"featured_media":0,"parent":0,"menu_order":0,"comment_status":"closed","ping_status":"open","template":"","meta":{"footnotes":""},"class_list":["post-2","page","type-page","status-publish","hentry"],"_links":{"self":[{"href":"https:\/\/vagabonderie.fr\/index.php?rest_route=\/wp\/v2\/pages\/2","targetHints":{"allow":["GET"]}}],"collection":[{"href":"https:\/\/vagabonderie.fr\/index.php?rest_route=\/wp\/v2\/pages"}],"about":[{"href":"https:\/\/vagabonderie.fr\/index.php?rest_route=\/wp\/v2\/types\/page"}],"author":[{"embeddable":true,"href":"https:\/\/vagabonderie.fr\/index.php?rest_route=\/wp\/v2\/users\/1"}],"replies":[{"embeddable":true,"href":"https:\/\/vagabonderie.fr\/index.php?rest_route=%2Fwp%2Fv2%2Fcomments&post=2"}],"version-history":[{"count":3,"href":"https:\/\/vagabonderie.fr\/index.php?rest_route=\/wp\/v2\/pages\/2\/revisions"}],"predecessor-version":[{"id":18,"href":"https:\/\/vagabonderie.fr\/index.php?rest_route=\/wp\/v2\/pages\/2\/revisions\/18"}],"wp:attachment":[{"href":"https:\/\/vagabonderie.fr\/index.php?rest_route=%2Fwp%2Fv2%2Fmedia&parent=2"}],"curies":[{"name":"wp","href":"https:\/\/api.w.org\/{rel}","templated":true}]}}